{"id":2934,"date":"2025-02-08T17:32:00","date_gmt":"2025-02-08T16:32:00","guid":{"rendered":"https:\/\/ellevildehotel.dk\/deals-angebote\/"},"modified":"2025-12-23T11:28:57","modified_gmt":"2025-12-23T10:28:57","slug":"deals-angebote","status":"publish","type":"page","link":"https:\/\/ellevildehotel.dk\/de\/deals-angebote\/","title":{"rendered":"Events"},"content":{"rendered":"\t\t<div data-elementor-type=\"wp-page\" data-elementor-id=\"2934\" class=\"elementor elementor-2934 elementor-622\" data-elementor-post-type=\"page\">\n\t\t\t\t<div class=\"elementor-element elementor-element-3f9a14b3 e-con-full e-flex e-con e-parent\" data-id=\"3f9a14b3\" data-element_type=\"container\" data-e-type=\"container\" data-settings=\"{&quot;background_background&quot;:&quot;classic&quot;}\">\n\t\t<div class=\"elementor-element elementor-element-119ca83 e-flex e-con-boxed e-con e-child\" data-id=\"119ca83\" data-element_type=\"container\" data-e-type=\"container\">\n\t\t\t\t\t<div class=\"e-con-inner\">\n\t\t\t\t<div class=\"elementor-element elementor-element-3ea6561e elementor-widget elementor-widget-heading\" data-id=\"3ea6561e\" data-element_type=\"widget\" data-e-type=\"widget\" data-widget_type=\"heading.default\">\n\t\t\t\t<div class=\"elementor-widget-container\">\n\t\t\t\t\t<h2 class=\"elementor-heading-title elementor-size-default\">ELLEVILDE EVENTS<\/h2>\t\t\t\t<\/div>\n\t\t\t\t<\/div>\n\t\t\t\t\t<\/div>\n\t\t\t\t<\/div>\n\t\t<div class=\"elementor-element elementor-element-90309de e-flex e-con-boxed e-con e-child\" data-id=\"90309de\" data-element_type=\"container\" data-e-type=\"container\">\n\t\t\t\t\t<div class=\"e-con-inner\">\n\t\t\t\t\t<\/div>\n\t\t\t\t<\/div>\n\t\t\t\t<\/div>\n\t\t<div class=\"elementor-element elementor-element-438007f e-flex e-con-boxed e-con e-parent\" data-id=\"438007f\" data-element_type=\"container\" data-e-type=\"container\" data-settings=\"{&quot;background_background&quot;:&quot;classic&quot;}\">\n\t\t\t\t\t<div class=\"e-con-inner\">\n\t\t<div class=\"elementor-element elementor-element-97f6f5e e-con-full e-flex e-con e-child\" data-id=\"97f6f5e\" data-element_type=\"container\" data-e-type=\"container\">\n\t\t<div class=\"elementor-element elementor-element-44c1981 e-con-full e-flex e-con e-child\" data-id=\"44c1981\" data-element_type=\"container\" data-e-type=\"container\">\n\t\t\t\t<div class=\"elementor-element elementor-element-86ea186 elementor-view-default elementor-position-block-start elementor-mobile-position-block-start elementor-widget elementor-widget-icon-box\" data-id=\"86ea186\" data-element_type=\"widget\" data-e-type=\"widget\" data-widget_type=\"icon-box.default\">\n\t\t\t\t<div class=\"elementor-widget-container\">\n\t\t\t\t\t\t\t<div class=\"elementor-icon-box-wrapper\">\n\n\t\t\t\t\t\t<div class=\"elementor-icon-box-icon\">\n\t\t\t\t<a href=\"#gourmet\" class=\"elementor-icon\" tabindex=\"-1\">\n\t\t\t\t<i aria-hidden=\"true\" class=\"icofont icofont-restaurant\"><\/i>\t\t\t\t<\/a>\n\t\t\t<\/div>\n\t\t\t\n\t\t\t\t\t\t<div class=\"elementor-icon-box-content\">\n\n\t\t\t\t\n\t\t\t\t\t\t\t\t\t<p class=\"elementor-icon-box-description\">\n\t\t\t\t\t\tGourmet Aufenthalt\t\t\t\t\t<\/p>\n\t\t\t\t\n\t\t\t<\/div>\n\t\t\t\n\t\t<\/div>\n\t\t\t\t\t\t<\/div>\n\t\t\t\t<\/div>\n\t\t\t\t<\/div>\n\t\t<div class=\"elementor-element elementor-element-b2613c9 e-con-full e-flex e-con e-child\" data-id=\"b2613c9\" data-element_type=\"container\" data-e-type=\"container\">\n\t\t\t\t<div class=\"elementor-element elementor-element-d1c66f7 elementor-view-default elementor-position-block-start elementor-mobile-position-block-start elementor-widget elementor-widget-icon-box\" data-id=\"d1c66f7\" data-element_type=\"widget\" data-e-type=\"widget\" data-widget_type=\"icon-box.default\">\n\t\t\t\t<div class=\"elementor-widget-container\">\n\t\t\t\t\t\t\t<div class=\"elementor-icon-box-wrapper\">\n\n\t\t\t\t\t\t<div class=\"elementor-icon-box-icon\">\n\t\t\t\t<a href=\"#sansegus\" class=\"elementor-icon\" tabindex=\"-1\">\n\t\t\t\t<svg aria-hidden=\"true\" class=\"e-font-icon-svg e-fas-spa\" viewBox=\"0 0 576 512\" xmlns=\"http:\/\/www.w3.org\/2000\/svg\"><path d=\"M568.25 192c-29.04.13-135.01 6.16-213.84 83-33.12 29.63-53.36 63.3-66.41 94.86-13.05-31.56-33.29-65.23-66.41-94.86-78.83-76.84-184.8-82.87-213.84-83-4.41-.02-7.79 3.4-7.75 7.82.23 27.92 7.14 126.14 88.77 199.3C172.79 480.94 256 480 288 480s115.19.95 199.23-80.88c81.64-73.17 88.54-171.38 88.77-199.3.04-4.42-3.34-7.84-7.75-7.82zM287.98 302.6c12.82-18.85 27.6-35.78 44.09-50.52 19.09-18.61 39.58-33.3 60.26-45.18-16.44-70.5-51.72-133.05-96.73-172.22-4.11-3.58-11.02-3.58-15.14 0-44.99 39.14-80.27 101.63-96.74 172.07 20.37 11.7 40.5 26.14 59.22 44.39a282.768 282.768 0 0 1 45.04 51.46z\"><\/path><\/svg>\t\t\t\t<\/a>\n\t\t\t<\/div>\n\t\t\t\n\t\t\t\t\t\t<div class=\"elementor-icon-box-content\">\n\n\t\t\t\t\n\t\t\t\t\t\t\t\t\t<p class=\"elementor-icon-box-description\">\n\t\t\t\t\t\tSansegus &amp; Gourmet Aufenthalte\t\t\t\t\t<\/p>\n\t\t\t\t\n\t\t\t<\/div>\n\t\t\t\n\t\t<\/div>\n\t\t\t\t\t\t<\/div>\n\t\t\t\t<\/div>\n\t\t\t\t<\/div>\n\t\t\t\t<\/div>\n\t\t\t\t\t<\/div>\n\t\t\t\t<\/div>\n\t\t<div class=\"elementor-element elementor-element-6070c57 e-flex e-con-boxed e-con e-parent\" data-id=\"6070c57\" data-element_type=\"container\" data-e-type=\"container\" data-settings=\"{&quot;background_background&quot;:&quot;classic&quot;}\">\n\t\t\t\t\t<div class=\"e-con-inner\">\n\t\t<div class=\"elementor-element elementor-element-6ba30a1 e-con-full e-flex e-con e-child\" data-id=\"6ba30a1\" data-element_type=\"container\" data-e-type=\"container\">\n\t\t\t\t<div class=\"elementor-element elementor-element-ef667e6 elementor-widget elementor-widget-menu-anchor\" data-id=\"ef667e6\" data-element_type=\"widget\" data-e-type=\"widget\" data-widget_type=\"menu-anchor.default\">\n\t\t\t\t<div class=\"elementor-widget-container\">\n\t\t\t\t\t\t\t<div class=\"elementor-menu-anchor\" id=\"gourmet\"><\/div>\n\t\t\t\t\t\t<\/div>\n\t\t\t\t<\/div>\n\t\t\t\t<div class=\"elementor-element elementor-element-091c1eb elementor-widget elementor-widget-heading\" data-id=\"091c1eb\" data-element_type=\"widget\" data-e-type=\"widget\" data-widget_type=\"heading.default\">\n\t\t\t\t<div class=\"elementor-widget-container\">\n\t\t\t\t\t<h2 class=\"elementor-heading-title elementor-size-default\">Gourmetaufenthalt am 21. M\u00e4rz 2026<\/h2>\t\t\t\t<\/div>\n\t\t\t\t<\/div>\n\t\t\t\t<\/div>\n\t\t<div class=\"elementor-element elementor-element-1cedbf0 e-con-full e-flex e-con e-child\" data-id=\"1cedbf0\" data-element_type=\"container\" data-e-type=\"container\">\n\t\t<div class=\"elementor-element elementor-element-bcf42e1 e-con-full e-flex e-con e-child\" data-id=\"bcf42e1\" data-element_type=\"container\" data-e-type=\"container\" data-settings=\"{&quot;background_background&quot;:&quot;classic&quot;}\">\n\t\t<div class=\"elementor-element elementor-element-b8ada37 e-con-full e-flex e-con e-child\" data-id=\"b8ada37\" data-element_type=\"container\" data-e-type=\"container\">\n\t\t\t\t<div class=\"elementor-element elementor-element-e527dc2 elementor-widget elementor-widget-text-editor\" data-id=\"e527dc2\" data-element_type=\"widget\" data-e-type=\"widget\" data-widget_type=\"text-editor.default\">\n\t\t\t\t<div class=\"elementor-widget-container\">\n\t\t\t\t\t\t\t\t\t<p>Treten Sie ein in eine Welt der exquisiten Gastronomie und des puren Genusses im ELLEVILDE Boutique Hotel.<\/p><p class=\"p1\">Genie\u00dfen Sie ein unvergessliches Gourmet-Erlebnis im Restaurant Kenneth E, wo Ihre Geschmackssinne aufs Beste verw\u00f6hnt werden.<\/p>\t\t\t\t\t\t\t\t<\/div>\n\t\t\t\t<\/div>\n\t\t\t\t<\/div>\n\t\t<div class=\"elementor-element elementor-element-33c53f5 e-con-full e-flex e-con e-child\" data-id=\"33c53f5\" data-element_type=\"container\" data-e-type=\"container\" data-settings=\"{&quot;background_background&quot;:&quot;classic&quot;}\">\n\t\t\t\t<div class=\"elementor-element elementor-element-1713b91 elementor-widget elementor-widget-text-editor\" data-id=\"1713b91\" data-element_type=\"widget\" data-e-type=\"widget\" data-widget_type=\"text-editor.default\">\n\t\t\t\t<div class=\"elementor-widget-container\">\n\t\t\t\t\t\t\t\t\t<h4 class=\"p1\">Gourmet-Erlebnis im Restaurant Kenneth E<\/h4><div><p class=\"p1\">Kaffee\/Tee und alkoholfreie Getr\u00e4nke bei Ankunft<\/p><p class=\"p1\">Prosecco und Snacks<\/p><p class=\"p1\">4-Gang-Gourmet-Dinner inkl. Weinmen\u00fc<\/p><p class=\"p1\">Kaffee\/Tee am Ende<\/p><\/div><div>\u00dcbernachtung in einem unserer charmanten Doppelzimmer mit k\u00f6stlichem Fr\u00fchst\u00fcck<\/div><div> <\/div><div>Zugang zu den Hoteleinrichtungen<\/div><h4 class=\"p1\">Nur DKK 2.298,-<\/h4><p class=\"p1\">pro Pers. pro Nacht im Doppelzimmer mit Bad <\/p>\t\t\t\t\t\t\t\t<\/div>\n\t\t\t\t<\/div>\n\t\t\t\t<div class=\"elementor-element elementor-element-81f3ef4 elementor-align-center elementor-widget elementor-widget-button\" data-id=\"81f3ef4\" data-element_type=\"widget\" data-e-type=\"widget\" data-widget_type=\"button.default\">\n\t\t\t\t<div class=\"elementor-widget-container\">\n\t\t\t\t\t\t\t\t\t<div class=\"elementor-button-wrapper\">\n\t\t\t\t\t<a class=\"elementor-button elementor-button-link elementor-size-sm\" href=\"https:\/\/ellevildehotel.dk\/de\/buchen\/\">\n\t\t\t\t\t\t<span class=\"elementor-button-content-wrapper\">\n\t\t\t\t\t\t\t\t\t<span class=\"elementor-button-text\">JETZT BUCHEN<\/span>\n\t\t\t\t\t<\/span>\n\t\t\t\t\t<\/a>\n\t\t\t\t<\/div>\n\t\t\t\t\t\t\t\t<\/div>\n\t\t\t\t<\/div>\n\t\t\t\t<\/div>\n\t\t<div class=\"elementor-element elementor-element-0909693 e-con-full e-flex e-con e-child\" data-id=\"0909693\" data-element_type=\"container\" data-e-type=\"container\">\n\t\t\t\t<div class=\"elementor-element elementor-element-b6da689 elementor-widget elementor-widget-text-editor\" data-id=\"b6da689\" data-element_type=\"widget\" data-e-type=\"widget\" data-widget_type=\"text-editor.default\">\n\t\t\t\t<div class=\"elementor-widget-container\">\n\t\t\t\t\t\t\t\t\t<p><strong>ELLEVILDE Boutique Hotel &#8211; Eine Oase des Wohlbefindens<\/strong><\/p><p>Zus\u00e4tzlich zu dem gro\u00dfartigen kulinarischen Erlebnis k\u00f6nnen Sie unsere stilvollen und komfortablen Zimmer mit Bad und die einzigartige Atmosph\u00e4re genie\u00dfen, die das ELLEVILDE Boutique Hotel auszeichnet. Wir achten auf die Details und bem\u00fchen uns, f\u00fcr jeden Gast ein pers\u00f6nliches und unvergessliches Erlebnis zu schaffen. <\/p><p><strong>Buchen Sie jetzt Ihren Gourmetaufenthalt<\/strong><\/p><p class=\"p1\">Lassen Sie sich von uns mit einem ELLEVILDE Gourmet-Aufenthalt verw\u00f6hnen, der Ihre Geschmackssinne erfreuen und Ihnen eine dringend ben\u00f6tigte Pause vom Alltag bescheren wird.<\/p>\t\t\t\t\t\t\t\t<\/div>\n\t\t\t\t<\/div>\n\t\t\t\t<\/div>\n\t\t\t\t<\/div>\n\t\t<div class=\"elementor-element elementor-element-af5df9f e-con-full e-flex e-con e-child\" data-id=\"af5df9f\" data-element_type=\"container\" data-e-type=\"container\">\n\t\t<div class=\"elementor-element elementor-element-617a370 e-con-full e-flex e-con e-child\" data-id=\"617a370\" data-element_type=\"container\" data-e-type=\"container\" data-settings=\"{&quot;background_background&quot;:&quot;classic&quot;}\">\n\t\t\t\t<div class=\"elementor-element elementor-element-3418fcb elementor-widget elementor-widget-text-editor\" data-id=\"3418fcb\" data-element_type=\"widget\" data-e-type=\"widget\" data-widget_type=\"text-editor.default\">\n\t\t\t\t<div class=\"elementor-widget-container\">\n\t\t\t\t\t\t\t\t\t<p class=\"p1\">Ihr Gourmet-Abenteuer<\/p>\n<ul>\n<li>Zwischen 15:00-16:00 Uhr Zarter Schokoladenkuchen, serviert mit Kaffee\/Tee<\/li>\n<li>Snacks &#8211; <b>Oliven<\/b> &#8211; <b>Parmesan-Chips mit Rosmarin<\/b> &#8211; <b>Bikini-Toast<\/b><\/li>\n<\/ul>\n<h5>4-G\u00e4nge-Men\u00fc<\/h5>\n<ul>\n<li>Cremige <b>Hokkaidok\u00fcrbissuppe<\/b> mit gebratenem <b>Kaisergranat<\/b> und Topinambur, verfeinert mit einem aromatischen <b>Zitronenthymian\u00f6l<\/b><\/li>\n<li><b>Ravioli <\/b>mit Spinat, fermentiertem Knoblauch und <b>Fromageschaum<\/b><\/li>\n<li><b>Hirschfleisch <\/b>mit gebratenen Pilzen, pikanter <b>Tr\u00fcffelsauce<\/b>, getrockneter Roter Bete und <b>Gratin Dauphinois \/ Gruy\u00e8re<\/b><\/li>\n<li>Warmer<b> Apfel-Sahne-Kuchen <\/b>mit <b>ger\u00f6stetem Sesam<\/b> und <b>Vanille darin<\/b><\/li>\n<\/ul>\n<ul class=\"ul1\">\n<li class=\"li1\">Weinkarte: F\u00fcr jedes Gericht hat unser Sommelier sorgf\u00e4ltig Weine ausgew\u00e4hlt, die die Aromen erg\u00e4nzen und das Essen zu neuen H\u00f6henfl\u00fcgen f\u00fchren.<\/li>\n<li class=\"li1\">Abschluss: Nach dem Abendessen wird Kaffee oder Tee serviert und Sie k\u00f6nnen an unserer Bar Avec und eine Auswahl an Getr\u00e4nken und Cocktails kaufen.<\/li>\n<\/ul>\t\t\t\t\t\t\t\t<\/div>\n\t\t\t\t<\/div>\n\t\t\t\t<\/div>\n\t\t\t\t<\/div>\n\t\t\t\t<\/div>\n\t\t\t\t\t<\/div>\n\t\t\t\t<\/div>\n\t\t<div class=\"elementor-element elementor-element-215f515 e-con-full e-flex e-con e-parent\" data-id=\"215f515\" data-element_type=\"container\" data-e-type=\"container\">\n\t\t\t\t<div class=\"elementor-element elementor-element-3641b3d elementor-widget elementor-widget-image-gallery\" data-id=\"3641b3d\" data-element_type=\"widget\" data-e-type=\"widget\" data-widget_type=\"image-gallery.default\">\n\t\t\t\t<div class=\"elementor-widget-container\">\n\t\t\t\t\t\t\t<div class=\"elementor-image-gallery\">\n\t\t\t<div id='gallery-1' class='gallery galleryid-2934 gallery-columns-4 gallery-size-full'><figure class='gallery-item'>\n\t\t\t<div class='gallery-icon landscape'>\n\t\t\t\t<img fetchpriority=\"high\" decoding=\"async\" width=\"1200\" height=\"800\" src=\"https:\/\/ellevildehotel.dk\/wp-content\/uploads\/2025\/03\/56-grader-foto-Mikkel-Baekgaard-12.jpg\" class=\"attachment-full size-full\" alt=\"\" srcset=\"https:\/\/ellevildehotel.dk\/wp-content\/uploads\/2025\/03\/56-grader-foto-Mikkel-Baekgaard-12.jpg 1200w, https:\/\/ellevildehotel.dk\/wp-content\/uploads\/2025\/03\/56-grader-foto-Mikkel-Baekgaard-12-300x200.jpg 300w, https:\/\/ellevildehotel.dk\/wp-content\/uploads\/2025\/03\/56-grader-foto-Mikkel-Baekgaard-12-1024x683.jpg 1024w, https:\/\/ellevildehotel.dk\/wp-content\/uploads\/2025\/03\/56-grader-foto-Mikkel-Baekgaard-12-768x512.jpg 768w\" sizes=\"(max-width: 1200px) 100vw, 1200px\" title=\"\">\n\t\t\t<\/div><\/figure><figure class='gallery-item'>\n\t\t\t<div class='gallery-icon landscape'>\n\t\t\t\t<img decoding=\"async\" width=\"1200\" height=\"800\" src=\"https:\/\/ellevildehotel.dk\/wp-content\/uploads\/2025\/03\/56-grader-foto-Mikkel-Baekgaard-8.jpg\" class=\"attachment-full size-full\" alt=\"\" srcset=\"https:\/\/ellevildehotel.dk\/wp-content\/uploads\/2025\/03\/56-grader-foto-Mikkel-Baekgaard-8.jpg 1200w, https:\/\/ellevildehotel.dk\/wp-content\/uploads\/2025\/03\/56-grader-foto-Mikkel-Baekgaard-8-300x200.jpg 300w, https:\/\/ellevildehotel.dk\/wp-content\/uploads\/2025\/03\/56-grader-foto-Mikkel-Baekgaard-8-1024x683.jpg 1024w, https:\/\/ellevildehotel.dk\/wp-content\/uploads\/2025\/03\/56-grader-foto-Mikkel-Baekgaard-8-768x512.jpg 768w\" sizes=\"(max-width: 1200px) 100vw, 1200px\" title=\"\">\n\t\t\t<\/div><\/figure><figure class='gallery-item'>\n\t\t\t<div class='gallery-icon landscape'>\n\t\t\t\t<img decoding=\"async\" width=\"1080\" height=\"720\" src=\"https:\/\/ellevildehotel.dk\/wp-content\/uploads\/2025\/03\/Blaeksprutte-hos-56-Grader-pr-foto-Mikkel-Baekgaard.jpg\" class=\"attachment-full size-full\" alt=\"\" srcset=\"https:\/\/ellevildehotel.dk\/wp-content\/uploads\/2025\/03\/Blaeksprutte-hos-56-Grader-pr-foto-Mikkel-Baekgaard.jpg 1080w, https:\/\/ellevildehotel.dk\/wp-content\/uploads\/2025\/03\/Blaeksprutte-hos-56-Grader-pr-foto-Mikkel-Baekgaard-300x200.jpg 300w, https:\/\/ellevildehotel.dk\/wp-content\/uploads\/2025\/03\/Blaeksprutte-hos-56-Grader-pr-foto-Mikkel-Baekgaard-1024x683.jpg 1024w, https:\/\/ellevildehotel.dk\/wp-content\/uploads\/2025\/03\/Blaeksprutte-hos-56-Grader-pr-foto-Mikkel-Baekgaard-768x512.jpg 768w\" sizes=\"(max-width: 1080px) 100vw, 1080px\" title=\"\">\n\t\t\t<\/div><\/figure><figure class='gallery-item'>\n\t\t\t<div class='gallery-icon landscape'>\n\t\t\t\t<img loading=\"lazy\" decoding=\"async\" width=\"1080\" height=\"720\" src=\"https:\/\/ellevildehotel.dk\/wp-content\/uploads\/2025\/03\/Dessert-med-chokolade-og-havtorn-pr-foto-Mikkel-Baekgaard.jpg\" class=\"attachment-full size-full\" alt=\"\" srcset=\"https:\/\/ellevildehotel.dk\/wp-content\/uploads\/2025\/03\/Dessert-med-chokolade-og-havtorn-pr-foto-Mikkel-Baekgaard.jpg 1080w, https:\/\/ellevildehotel.dk\/wp-content\/uploads\/2025\/03\/Dessert-med-chokolade-og-havtorn-pr-foto-Mikkel-Baekgaard-300x200.jpg 300w, https:\/\/ellevildehotel.dk\/wp-content\/uploads\/2025\/03\/Dessert-med-chokolade-og-havtorn-pr-foto-Mikkel-Baekgaard-1024x683.jpg 1024w, https:\/\/ellevildehotel.dk\/wp-content\/uploads\/2025\/03\/Dessert-med-chokolade-og-havtorn-pr-foto-Mikkel-Baekgaard-768x512.jpg 768w\" sizes=\"(max-width: 1080px) 100vw, 1080px\" title=\"\">\n\t\t\t<\/div><\/figure>\n\t\t<\/div>\n\t\t<\/div>\n\t\t\t\t\t\t<\/div>\n\t\t\t\t<\/div>\n\t\t\t\t<\/div>\n\t\t<div class=\"elementor-element elementor-element-f37504c e-flex e-con-boxed e-con e-parent\" data-id=\"f37504c\" data-element_type=\"container\" data-e-type=\"container\" data-settings=\"{&quot;background_background&quot;:&quot;classic&quot;}\">\n\t\t\t\t\t<div class=\"e-con-inner\">\n\t\t<div class=\"elementor-element elementor-element-84b3c79 e-con-full e-flex e-con e-child\" data-id=\"84b3c79\" data-element_type=\"container\" data-e-type=\"container\">\n\t\t\t\t<div class=\"elementor-element elementor-element-cfad7b7 elementor-widget elementor-widget-menu-anchor\" data-id=\"cfad7b7\" data-element_type=\"widget\" data-e-type=\"widget\" data-widget_type=\"menu-anchor.default\">\n\t\t\t\t<div class=\"elementor-widget-container\">\n\t\t\t\t\t\t\t<div class=\"elementor-menu-anchor\" id=\"sansegus\"><\/div>\n\t\t\t\t\t\t<\/div>\n\t\t\t\t<\/div>\n\t\t\t\t<div class=\"elementor-element elementor-element-ddc2452 elementor-widget elementor-widget-heading\" data-id=\"ddc2452\" data-element_type=\"widget\" data-e-type=\"widget\" data-widget_type=\"heading.default\">\n\t\t\t\t<div class=\"elementor-widget-container\">\n\t\t\t\t\t<h2 class=\"elementor-heading-title elementor-size-default\">Neujahrs-Reset: Sansegus &amp; Gourmet Stay<br> Samstag 17. Januar bis Sonntag 18. Januar 2026  <\/h2>\t\t\t\t<\/div>\n\t\t\t\t<\/div>\n\t\t\t\t<\/div>\n\t\t<div class=\"elementor-element elementor-element-9048b70 e-con-full e-flex e-con e-child\" data-id=\"9048b70\" data-element_type=\"container\" data-e-type=\"container\">\n\t\t<div class=\"elementor-element elementor-element-5e81ec2 e-con-full e-flex e-con e-child\" data-id=\"5e81ec2\" data-element_type=\"container\" data-e-type=\"container\">\n\t\t<div class=\"elementor-element elementor-element-5356ad3 e-con-full e-flex e-con e-child\" data-id=\"5356ad3\" data-element_type=\"container\" data-e-type=\"container\" data-settings=\"{&quot;background_background&quot;:&quot;classic&quot;}\">\n\t\t\t\t<div class=\"elementor-element elementor-element-a6ca435 elementor-widget elementor-widget-heading\" data-id=\"a6ca435\" data-element_type=\"widget\" data-e-type=\"widget\" data-widget_type=\"heading.default\">\n\t\t\t\t<div class=\"elementor-widget-container\">\n\t\t\t\t\t<h4 class=\"elementor-heading-title elementor-size-default\">Ein wildes sensorisches Erlebnis in der Hitze\n<br>Bereit f\u00fcr 2026!<\/h4>\t\t\t\t<\/div>\n\t\t\t\t<\/div>\n\t\t\t\t<div class=\"elementor-element elementor-element-3520ab8 elementor-widget elementor-widget-text-editor\" data-id=\"3520ab8\" data-element_type=\"widget\" data-e-type=\"widget\" data-widget_type=\"text-editor.default\">\n\t\t\t\t<div class=\"elementor-widget-container\">\n\t\t\t\t\t\t\t\t\t<p>Sind Sie bereit f\u00fcr einen au\u00dfergew\u00f6hnlichen Samstag? G\u00f6nnen Sie sich den ultimativen Start ins neue Jahr mit einer Tiefenreinigung f\u00fcr K\u00f6rper und Geist im Ellevilde Boutique Hotel. Unser exklusives Event kombiniert die intensive W\u00e4rme und das Wohlbefinden der Saunadusche mit exquisiten Gourmeterlebnissen.  <\/p><p>Stellen Sie sich das vor: Sie werden von der W\u00e4rme der gr\u00f6\u00dften Sauna von M\u00f8n umh\u00fcllt, w\u00e4hrend der Duft aromatischer \u00e4therischer \u00d6le Ihre Sinne beruhigt. Unser leidenschaftlicher Aufgussmeister Kenneth f\u00fchrt Sie durch eine &#8222;wilde&#8220; Reise, bei der sein kulinarischer Hintergrund daf\u00fcr sorgt, dass das Erlebnis alle Sinne weckt &#8211; auch den Geschmackssinn. Genie\u00dfen Sie die perfekte Kombination aus W\u00e4rme, Duft und exquisiten Aromen &#8211; eine wahre Symphonie f\u00fcr K\u00f6rper und Geist.  <\/p><p><strong>Ihr luxuri\u00f6ses Reset-Programm f\u00fcr das neue Jahr<\/strong><br><strong>Ankunft &amp; Willkommen<\/strong><br>Der Check-in findet zwischen 15:00 und 16:00 Uhr statt. Beziehen Sie Ihr stilvolles Zimmer, bevor wir um 16:00 Uhr leichte Snacks und erfrischende S\u00e4fte als Appetitanreger f\u00fcr die abendliche Reise anbieten. <br><br><strong>Den Ellevilde Sansegus<\/strong><br>Wir bieten zwei intensive einst\u00fcndige Gus-Sitzungen, die Sie effektiv reinigen und auf den kulinarischen H\u00f6hepunkt des Abends vorbereiten. Entdecken Sie, wie Kenneths Expertise Wellness und Geschmack in einem revolution\u00e4ren &#8222;Gus&#8220; verbindet. <br><br><strong>Gourmet-Dinner &amp; Hygge<\/strong><br>Sp\u00e4ter am Abend wird ein luxuri\u00f6ses 3-G\u00e4nge-Men\u00fc serviert, das von Kenneth sorgf\u00e4ltig zusammengestellt wurde, einschlie\u00dflich eines Wein- oder Saftmen\u00fcs. Hier k\u00f6nnen Sie die Atmosph\u00e4re genie\u00dfen und zus\u00e4tzliche Erfrischungen (nicht im Preis inbegriffen) in guter Gesellschaft in unserem gem\u00fctlichen Kaminzimmer kaufen. <\/p>\t\t\t\t\t\t\t\t<\/div>\n\t\t\t\t<\/div>\n\t\t\t\t<\/div>\n\t\t\t\t<\/div>\n\t\t<div class=\"elementor-element elementor-element-88f9443 e-con-full e-flex e-con e-child\" data-id=\"88f9443\" data-element_type=\"container\" data-e-type=\"container\" data-settings=\"{&quot;background_background&quot;:&quot;classic&quot;}\">\n\t\t<div class=\"elementor-element elementor-element-7c301d8 e-con-full e-flex e-con e-child\" data-id=\"7c301d8\" data-element_type=\"container\" data-e-type=\"container\">\n\t\t\t\t<div class=\"elementor-element elementor-element-f7655a0 elementor-widget elementor-widget-text-editor\" data-id=\"f7655a0\" data-element_type=\"widget\" data-e-type=\"widget\" data-widget_type=\"text-editor.default\">\n\t\t\t\t<div class=\"elementor-widget-container\">\n\t\t\t\t\t\t\t\t\t<p>Nehmen Sie Kurs auf Wellness und Gastronomie!<br>Verpassen Sie nicht diese einmalige Gelegenheit, den Neujahrs-Reset zu erleben: Sansegus &amp; Gourmet Stay<\/p>\t\t\t\t\t\t\t\t<\/div>\n\t\t\t\t<\/div>\n\t\t\t\t<\/div>\n\t\t<div class=\"elementor-element elementor-element-c11a389 e-con-full e-flex e-con e-child\" data-id=\"c11a389\" data-element_type=\"container\" data-e-type=\"container\" data-settings=\"{&quot;background_background&quot;:&quot;classic&quot;}\">\n\t\t\t\t<div class=\"elementor-element elementor-element-518e1ac elementor-widget elementor-widget-text-editor\" data-id=\"518e1ac\" data-element_type=\"widget\" data-e-type=\"widget\" data-widget_type=\"text-editor.default\">\n\t\t\t\t<div class=\"elementor-widget-container\">\n\t\t\t\t\t\t\t\t\t<p>Das ist in Ihrem Aufenthalt enthalten:<br>Komfortable Unterkunft: Eine Nacht in einem stilvollen Doppelzimmer mit eigenem Bad und eigener Terrasse.<br><br>Komplettes &#8222;Gus&#8220;-Erlebnis: Zwei Ellevilde Sansegus-Sitzungen, einschlie\u00dflich \u00e4therischer \u00d6le, Snacks und Getr\u00e4nke.<br><br>Gourmet-Dinner: Drei k\u00f6stliche G\u00e4nge mit begleitendem Wein- oder Saftmen\u00fc.<br><br>Fr\u00fchst\u00fcck: Ein gro\u00dfartiger Start in den Sonntag mit unserem Fr\u00fchst\u00fccksbuffet.<br><br><strong>Nur DKK 1.995, <\/strong>&#8211;  <\/p><p>pro Person und Nacht im Doppelzimmer mit Bad.<br>Checken Sie am Sonntag um 10.00 Uhr aus, erf\u00fcllt von neuen sinnlichen Erinnerungen und neuer Energie.<\/p>\t\t\t\t\t\t\t\t<\/div>\n\t\t\t\t<\/div>\n\t\t\t\t<div class=\"elementor-element elementor-element-71f071c elementor-align-center elementor-widget elementor-widget-button\" data-id=\"71f071c\" data-element_type=\"widget\" data-e-type=\"widget\" data-widget_type=\"button.default\">\n\t\t\t\t<div class=\"elementor-widget-container\">\n\t\t\t\t\t\t\t\t\t<div class=\"elementor-button-wrapper\">\n\t\t\t\t\t<a class=\"elementor-button elementor-button-link elementor-size-sm\" href=\"https:\/\/ellevildehotel.dk\/de\/buchen\/\">\n\t\t\t\t\t\t<span class=\"elementor-button-content-wrapper\">\n\t\t\t\t\t\t\t\t\t<span class=\"elementor-button-text\">JETZT BUCHEN<\/span>\n\t\t\t\t\t<\/span>\n\t\t\t\t\t<\/a>\n\t\t\t\t<\/div>\n\t\t\t\t\t\t\t\t<\/div>\n\t\t\t\t<\/div>\n\t\t\t\t<\/div>\n\t\t<div class=\"elementor-element elementor-element-2c16061 e-con-full e-flex e-con e-child\" data-id=\"2c16061\" data-element_type=\"container\" data-e-type=\"container\">\n\t\t\t\t<div class=\"elementor-element elementor-element-93e4f79 elementor-widget elementor-widget-text-editor\" data-id=\"93e4f79\" data-element_type=\"widget\" data-e-type=\"widget\" data-widget_type=\"text-editor.default\">\n\t\t\t\t<div class=\"elementor-widget-container\">\n\t\t\t\t\t\t\t\t\t<p>ELLEVILDE Boutique Hotel &#8211; Eine Oase des Wohlbefindens<br>Neben dem gro\u00dfartigen kulinarischen Erlebnis k\u00f6nnen Sie unsere stilvollen und komfortablen Zimmer mit Bad und die einzigartige Atmosph\u00e4re genie\u00dfen, die das ELLEVILDE Boutique Hotel auszeichnet. Wir achten auf die Details und schaffen f\u00fcr jeden Gast ein individuelles und unvergessliches Erlebnis. <\/p>\t\t\t\t\t\t\t\t<\/div>\n\t\t\t\t<\/div>\n\t\t\t\t<\/div>\n\t\t\t\t<\/div>\n\t\t\t\t<\/div>\n\t\t\t\t\t<\/div>\n\t\t\t\t<\/div>\n\t\t\t\t<\/div>\n\t\t","protected":false},"excerpt":{"rendered":"<p>ELLEVILDE EVENTS Gourmet Aufenthalt Sansegus &amp; Gourmet Aufenthalte Gourmetaufenthalt am 21. M\u00e4rz 2026 Treten Sie ein in eine Welt der exquisiten Gastronomie und des puren Genusses im ELLEVILDE Boutique Hotel. Genie\u00dfen Sie ein unvergessliches Gourmet-Erlebnis im Restaurant Kenneth E, wo Ihre Geschmackssinne aufs Beste verw\u00f6hnt werden. Gourmet-Erlebnis im Restaurant Kenneth E Kaffee\/Tee und alkoholfreie Getr\u00e4nke [&hellip;]<\/p>\n","protected":false},"author":2,"featured_media":0,"parent":0,"menu_order":0,"comment_status":"closed","ping_status":"closed","template":"","meta":{"footnotes":""},"class_list":["post-2934","page","type-page","status-publish","hentry"],"_links":{"self":[{"href":"https:\/\/ellevildehotel.dk\/de\/wp-json\/wp\/v2\/pages\/2934","targetHints":{"allow":["GET"]}}],"collection":[{"href":"https:\/\/ellevildehotel.dk\/de\/wp-json\/wp\/v2\/pages"}],"about":[{"href":"https:\/\/ellevildehotel.dk\/de\/wp-json\/wp\/v2\/types\/page"}],"author":[{"embeddable":true,"href":"https:\/\/ellevildehotel.dk\/de\/wp-json\/wp\/v2\/users\/2"}],"replies":[{"embeddable":true,"href":"https:\/\/ellevildehotel.dk\/de\/wp-json\/wp\/v2\/comments?post=2934"}],"version-history":[{"count":25,"href":"https:\/\/ellevildehotel.dk\/de\/wp-json\/wp\/v2\/pages\/2934\/revisions"}],"predecessor-version":[{"id":4322,"href":"https:\/\/ellevildehotel.dk\/de\/wp-json\/wp\/v2\/pages\/2934\/revisions\/4322"}],"wp:attachment":[{"href":"https:\/\/ellevildehotel.dk\/de\/wp-json\/wp\/v2\/media?parent=2934"}],"curies":[{"name":"wp","href":"https:\/\/api.w.org\/{rel}","templated":true}]}}