{"id":2924,"date":"2025-02-02T12:03:56","date_gmt":"2025-02-02T11:03:56","guid":{"rendered":"https:\/\/ellevildehotel.dk\/zimmer\/"},"modified":"2025-12-23T11:29:44","modified_gmt":"2025-12-23T10:29:44","slug":"zimmer","status":"publish","type":"page","link":"https:\/\/ellevildehotel.dk\/de\/zimmer\/","title":{"rendered":"Zimmer"},"content":{"rendered":"\t\t<div data-elementor-type=\"wp-page\" data-elementor-id=\"2924\" class=\"elementor elementor-2924 elementor-33\" data-elementor-post-type=\"page\">\n\t\t\t\t<div class=\"elementor-element elementor-element-d198780 e-con-full e-flex e-con e-parent\" data-id=\"d198780\" data-element_type=\"container\" data-e-type=\"container\" data-settings=\"{&quot;background_background&quot;:&quot;classic&quot;}\">\n\t\t<div class=\"elementor-element elementor-element-7e7f5bb e-flex e-con-boxed e-con e-child\" data-id=\"7e7f5bb\" data-element_type=\"container\" data-e-type=\"container\">\n\t\t\t\t\t<div class=\"e-con-inner\">\n\t\t\t\t<div class=\"elementor-element elementor-element-d1d10b8 elementor-widget elementor-widget-heading\" data-id=\"d1d10b8\" data-element_type=\"widget\" data-e-type=\"widget\" data-widget_type=\"heading.default\">\n\t\t\t\t<div class=\"elementor-widget-container\">\n\t\t\t\t\t<h2 class=\"elementor-heading-title elementor-size-default\">ELLEVILDE ZIMMER<\/h2>\t\t\t\t<\/div>\n\t\t\t\t<\/div>\n\t\t\t\t\t<\/div>\n\t\t\t\t<\/div>\n\t\t<div class=\"elementor-element elementor-element-d37c59a e-flex e-con-boxed e-con e-child\" data-id=\"d37c59a\" data-element_type=\"container\" data-e-type=\"container\">\n\t\t\t\t\t<div class=\"e-con-inner\">\n\t\t\t\t<div class=\"elementor-element elementor-element-84b6f8a elementor-widget elementor-widget-text-editor\" data-id=\"84b6f8a\" data-element_type=\"widget\" data-e-type=\"widget\" data-widget_type=\"text-editor.default\">\n\t\t\t\t<div class=\"elementor-widget-container\">\n\t\t\t\t\t\t\t\t\t<p>Wir haben 12 individuelle und sch\u00f6ne Zimmer.<br>Darunter 9 Zimmer mit eigenem Bad und Loft, die f\u00fcr Kinder geeignet sind.<br>Wir beherbergen insgesamt 42 \u00dcbernachtungsg\u00e4ste.<\/p>\t\t\t\t\t\t\t\t<\/div>\n\t\t\t\t<\/div>\n\t\t\t\t\t<\/div>\n\t\t\t\t<\/div>\n\t\t\t\t<\/div>\n\t\t<div class=\"elementor-element elementor-element-d96deea e-flex e-con-boxed e-con e-parent\" data-id=\"d96deea\" data-element_type=\"container\" data-e-type=\"container\">\n\t\t\t\t\t<div class=\"e-con-inner\">\n\t\t<div class=\"elementor-element elementor-element-0926df7 e-con-full e-flex e-con e-child\" data-id=\"0926df7\" data-element_type=\"container\" data-e-type=\"container\">\n\t\t\t\t<div class=\"elementor-element elementor-element-35fa57b elementor-widget elementor-widget-heading\" data-id=\"35fa57b\" data-element_type=\"widget\" data-e-type=\"widget\" data-widget_type=\"heading.default\">\n\t\t\t\t<div class=\"elementor-widget-container\">\n\t\t\t\t\t<h2 class=\"elementor-heading-title elementor-size-default\">SIE ERHALTEN IMMER<\/h2>\t\t\t\t<\/div>\n\t\t\t\t<\/div>\n\t\t\t\t<\/div>\n\t\t<div class=\"elementor-element elementor-element-db8ade5 e-con-full e-flex e-con e-child\" data-id=\"db8ade5\" data-element_type=\"container\" data-e-type=\"container\">\n\t\t<div class=\"elementor-element elementor-element-b514686 e-con-full e-flex e-con e-child\" data-id=\"b514686\" data-element_type=\"container\" data-e-type=\"container\">\n\t\t\t\t<div class=\"elementor-element elementor-element-5a03bcf elementor-mobile-position-inline-start elementor-view-default elementor-position-block-start elementor-widget elementor-widget-icon-box\" data-id=\"5a03bcf\" data-element_type=\"widget\" data-e-type=\"widget\" data-widget_type=\"icon-box.default\">\n\t\t\t\t<div class=\"elementor-widget-container\">\n\t\t\t\t\t\t\t<div class=\"elementor-icon-box-wrapper\">\n\n\t\t\t\t\t\t<div class=\"elementor-icon-box-icon\">\n\t\t\t\t<span  class=\"elementor-icon\">\n\t\t\t\t<i aria-hidden=\"true\" class=\"icomoon_brands icomoon_brands-coffeescript\"><\/i>\t\t\t\t<\/span>\n\t\t\t<\/div>\n\t\t\t\n\t\t\t\t\t\t<div class=\"elementor-icon-box-content\">\n\n\t\t\t\t\n\t\t\t\t\t\t\t\t\t<p class=\"elementor-icon-box-description\">\n\t\t\t\t\t\tBio-Fr\u00fchst\u00fcck 8:00 - 9:30 Uhr\t\t\t\t\t<\/p>\n\t\t\t\t\n\t\t\t<\/div>\n\t\t\t\n\t\t<\/div>\n\t\t\t\t\t\t<\/div>\n\t\t\t\t<\/div>\n\t\t\t\t<\/div>\n\t\t<div class=\"elementor-element elementor-element-79a7c7b e-con-full e-flex e-con e-child\" data-id=\"79a7c7b\" data-element_type=\"container\" data-e-type=\"container\">\n\t\t\t\t<div class=\"elementor-element elementor-element-3dd32eb elementor-mobile-position-inline-start elementor-view-default elementor-position-block-start elementor-widget elementor-widget-icon-box\" data-id=\"3dd32eb\" data-element_type=\"widget\" data-e-type=\"widget\" data-widget_type=\"icon-box.default\">\n\t\t\t\t<div class=\"elementor-widget-container\">\n\t\t\t\t\t\t\t<div class=\"elementor-icon-box-wrapper\">\n\n\t\t\t\t\t\t<div class=\"elementor-icon-box-icon\">\n\t\t\t\t<span  class=\"elementor-icon\">\n\t\t\t\t<i aria-hidden=\"true\" class=\" las la-bed\"><\/i>\t\t\t\t<\/span>\n\t\t\t<\/div>\n\t\t\t\n\t\t\t\t\t\t<div class=\"elementor-icon-box-content\">\n\n\t\t\t\t\n\t\t\t\t\t\t\t\t\t<p class=\"elementor-icon-box-description\">\n\t\t\t\t\t\tBettw\u00e4sche und Handt\u00fccher\t\t\t\t\t<\/p>\n\t\t\t\t\n\t\t\t<\/div>\n\t\t\t\n\t\t<\/div>\n\t\t\t\t\t\t<\/div>\n\t\t\t\t<\/div>\n\t\t\t\t<\/div>\n\t\t<div class=\"elementor-element elementor-element-f7f3ebb e-con-full e-flex e-con e-child\" data-id=\"f7f3ebb\" data-element_type=\"container\" data-e-type=\"container\">\n\t\t\t\t<div class=\"elementor-element elementor-element-b2ad82c elementor-mobile-position-inline-start elementor-view-default elementor-position-block-start elementor-widget elementor-widget-icon-box\" data-id=\"b2ad82c\" data-element_type=\"widget\" data-e-type=\"widget\" data-widget_type=\"icon-box.default\">\n\t\t\t\t<div class=\"elementor-widget-container\">\n\t\t\t\t\t\t\t<div class=\"elementor-icon-box-wrapper\">\n\n\t\t\t\t\t\t<div class=\"elementor-icon-box-icon\">\n\t\t\t\t<span  class=\"elementor-icon\">\n\t\t\t\t<i aria-hidden=\"true\" class=\"mdi mdi-shower\"><\/i>\t\t\t\t<\/span>\n\t\t\t<\/div>\n\t\t\t\n\t\t\t\t\t\t<div class=\"elementor-icon-box-content\">\n\n\t\t\t\t\n\t\t\t\t\t\t\t\t\t<p class=\"elementor-icon-box-description\">\n\t\t\t\t\t\tLuxuri\u00f6se Haut- und Haarpflegeprodukte\t\t\t\t\t<\/p>\n\t\t\t\t\n\t\t\t<\/div>\n\t\t\t\n\t\t<\/div>\n\t\t\t\t\t\t<\/div>\n\t\t\t\t<\/div>\n\t\t\t\t<\/div>\n\t\t<div class=\"elementor-element elementor-element-e2f483a e-con-full e-flex e-con e-child\" data-id=\"e2f483a\" data-element_type=\"container\" data-e-type=\"container\">\n\t\t\t\t<div class=\"elementor-element elementor-element-4d3d1ec elementor-mobile-position-inline-start elementor-view-default elementor-position-block-start elementor-widget elementor-widget-icon-box\" data-id=\"4d3d1ec\" data-element_type=\"widget\" data-e-type=\"widget\" data-widget_type=\"icon-box.default\">\n\t\t\t\t<div class=\"elementor-widget-container\">\n\t\t\t\t\t\t\t<div class=\"elementor-icon-box-wrapper\">\n\n\t\t\t\t\t\t<div class=\"elementor-icon-box-icon\">\n\t\t\t\t<span  class=\"elementor-icon\">\n\t\t\t\t<i aria-hidden=\"true\" class=\"mdi mdi-toaster-oven\"><\/i>\t\t\t\t<\/span>\n\t\t\t<\/div>\n\t\t\t\n\t\t\t\t\t\t<div class=\"elementor-icon-box-content\">\n\n\t\t\t\t\n\t\t\t\t\t\t\t\t\t<p class=\"elementor-icon-box-description\">\n\t\t\t\t\t\tZugang zur G\u00e4stek\u00fcche\t\t\t\t\t<\/p>\n\t\t\t\t\n\t\t\t<\/div>\n\t\t\t\n\t\t<\/div>\n\t\t\t\t\t\t<\/div>\n\t\t\t\t<\/div>\n\t\t\t\t<\/div>\n\t\t<div class=\"elementor-element elementor-element-1476cde e-con-full e-flex e-con e-child\" data-id=\"1476cde\" data-element_type=\"container\" data-e-type=\"container\">\n\t\t\t\t<div class=\"elementor-element elementor-element-17758f1 elementor-mobile-position-inline-start elementor-view-default elementor-position-block-start elementor-widget elementor-widget-icon-box\" data-id=\"17758f1\" data-element_type=\"widget\" data-e-type=\"widget\" data-widget_type=\"icon-box.default\">\n\t\t\t\t<div class=\"elementor-widget-container\">\n\t\t\t\t\t\t\t<div class=\"elementor-icon-box-wrapper\">\n\n\t\t\t\t\t\t<div class=\"elementor-icon-box-icon\">\n\t\t\t\t<span  class=\"elementor-icon\">\n\t\t\t\t<i aria-hidden=\"true\" class=\" las la-wifi\"><\/i>\t\t\t\t<\/span>\n\t\t\t<\/div>\n\t\t\t\n\t\t\t\t\t\t<div class=\"elementor-icon-box-content\">\n\n\t\t\t\t\n\t\t\t\t\t\t\t\t\t<p class=\"elementor-icon-box-description\">\n\t\t\t\t\t\tKostenloses Internet\t\t\t\t\t<\/p>\n\t\t\t\t\n\t\t\t<\/div>\n\t\t\t\n\t\t<\/div>\n\t\t\t\t\t\t<\/div>\n\t\t\t\t<\/div>\n\t\t\t\t<\/div>\n\t\t\t\t<\/div>\n\t\t\t\t\t<\/div>\n\t\t\t\t<\/div>\n\t\t<div class=\"elementor-element elementor-element-66c695b e-flex e-con-boxed e-con e-parent\" data-id=\"66c695b\" data-element_type=\"container\" data-e-type=\"container\" data-settings=\"{&quot;background_background&quot;:&quot;classic&quot;}\">\n\t\t\t\t\t<div class=\"e-con-inner\">\n\t\t<div class=\"elementor-element elementor-element-21b8389 e-con-full e-flex e-con e-child\" data-id=\"21b8389\" data-element_type=\"container\" data-e-type=\"container\" data-settings=\"{&quot;background_background&quot;:&quot;slideshow&quot;,&quot;background_slideshow_gallery&quot;:[{&quot;id&quot;:2521,&quot;url&quot;:&quot;https:\\\/\\\/ellevildehotel.dk\\\/wp-content\\\/uploads\\\/2025\\\/02\\\/2.13.jpg&quot;},{&quot;id&quot;:2523,&quot;url&quot;:&quot;https:\\\/\\\/ellevildehotel.dk\\\/wp-content\\\/uploads\\\/2025\\\/02\\\/2.12-1030x687-1.jpg&quot;},{&quot;id&quot;:2499,&quot;url&quot;:&quot;https:\\\/\\\/ellevildehotel.dk\\\/wp-content\\\/uploads\\\/2025\\\/02\\\/2-11-scaled.jpg&quot;},{&quot;id&quot;:3438,&quot;url&quot;:&quot;https:\\\/\\\/ellevildehotel.dk\\\/wp-content\\\/uploads\\\/2025\\\/04\\\/FSP_23.jpg&quot;},{&quot;id&quot;:3456,&quot;url&quot;:&quot;https:\\\/\\\/ellevildehotel.dk\\\/wp-content\\\/uploads\\\/2025\\\/04\\\/FSP_29.jpg&quot;},{&quot;id&quot;:3447,&quot;url&quot;:&quot;https:\\\/\\\/ellevildehotel.dk\\\/wp-content\\\/uploads\\\/2025\\\/04\\\/FSP_26.jpg&quot;},{&quot;id&quot;:3426,&quot;url&quot;:&quot;https:\\\/\\\/ellevildehotel.dk\\\/wp-content\\\/uploads\\\/2025\\\/04\\\/FSP_18.jpg&quot;},{&quot;id&quot;:3423,&quot;url&quot;:&quot;https:\\\/\\\/ellevildehotel.dk\\\/wp-content\\\/uploads\\\/2025\\\/04\\\/FSP_17.jpg&quot;},{&quot;id&quot;:3417,&quot;url&quot;:&quot;https:\\\/\\\/ellevildehotel.dk\\\/wp-content\\\/uploads\\\/2025\\\/04\\\/FSP_15.jpg&quot;},{&quot;id&quot;:3414,&quot;url&quot;:&quot;https:\\\/\\\/ellevildehotel.dk\\\/wp-content\\\/uploads\\\/2025\\\/04\\\/FSP_14.jpg&quot;}],&quot;background_slideshow_lazyload&quot;:&quot;yes&quot;,&quot;background_slideshow_ken_burns&quot;:&quot;yes&quot;,&quot;background_slideshow_slide_duration&quot;:4000,&quot;background_slideshow_loop&quot;:&quot;yes&quot;,&quot;background_slideshow_slide_transition&quot;:&quot;fade&quot;,&quot;background_slideshow_transition_duration&quot;:500,&quot;background_slideshow_ken_burns_zoom_direction&quot;:&quot;in&quot;}\">\n\t\t\t\t<\/div>\n\t\t<div class=\"elementor-element elementor-element-b0295cc e-con-full e-flex e-con e-child\" data-id=\"b0295cc\" data-element_type=\"container\" data-e-type=\"container\" data-settings=\"{&quot;background_background&quot;:&quot;classic&quot;}\">\n\t\t<div class=\"elementor-element elementor-element-914af81 e-con-full e-flex e-con e-child\" data-id=\"914af81\" data-element_type=\"container\" data-e-type=\"container\" data-settings=\"{&quot;background_background&quot;:&quot;classic&quot;}\">\n\t\t\t\t<div class=\"elementor-element elementor-element-2f59599 elementor-widget elementor-widget-text-editor\" data-id=\"2f59599\" data-element_type=\"widget\" data-e-type=\"widget\" data-widget_type=\"text-editor.default\">\n\t\t\t\t<div class=\"elementor-widget-container\">\n\t\t\t\t\t\t\t\t\t<p><strong>Doppelzimmer<\/strong> <br> mit<strong>eigenem Bad und Loft<\/strong><br>Gro\u00dfes, helles Zimmer mit eigener Terrasse, Doppelbett, Loft f\u00fcr Kinder geeignet, eigenes Bad.<\/p><p>Zimmer: 23 sqm<br>Bett: 180 x 200 cm<\/p>\t\t\t\t\t\t\t\t<\/div>\n\t\t\t\t<\/div>\n\t\t\t\t<div class=\"elementor-element elementor-element-5abbda8 elementor-widget elementor-widget-button\" data-id=\"5abbda8\" data-element_type=\"widget\" data-e-type=\"widget\" data-widget_type=\"button.default\">\n\t\t\t\t<div class=\"elementor-widget-container\">\n\t\t\t\t\t\t\t\t\t<div class=\"elementor-button-wrapper\">\n\t\t\t\t\t<a class=\"elementor-button elementor-button-link elementor-size-sm\" href=\"https:\/\/ellevildehotel.dk\/de\/buchen\/\">\n\t\t\t\t\t\t<span class=\"elementor-button-content-wrapper\">\n\t\t\t\t\t\t\t\t\t<span class=\"elementor-button-text\">JETZT BUCHEN<\/span>\n\t\t\t\t\t<\/span>\n\t\t\t\t\t<\/a>\n\t\t\t\t<\/div>\n\t\t\t\t\t\t\t\t<\/div>\n\t\t\t\t<\/div>\n\t\t\t\t<\/div>\n\t\t\t\t<\/div>\n\t\t\t\t\t<\/div>\n\t\t\t\t<\/div>\n\t\t<div class=\"elementor-element elementor-element-a63df98 e-flex e-con-boxed e-con e-parent\" data-id=\"a63df98\" data-element_type=\"container\" data-e-type=\"container\" data-settings=\"{&quot;background_background&quot;:&quot;classic&quot;}\">\n\t\t\t\t\t<div class=\"e-con-inner\">\n\t\t<div class=\"elementor-element elementor-element-2e847f6 e-con-full e-flex e-con e-child\" data-id=\"2e847f6\" data-element_type=\"container\" data-e-type=\"container\" data-settings=\"{&quot;background_background&quot;:&quot;classic&quot;}\">\n\t\t<div class=\"elementor-element elementor-element-d95b559 e-con-full e-flex e-con e-child\" data-id=\"d95b559\" data-element_type=\"container\" data-e-type=\"container\" data-settings=\"{&quot;background_background&quot;:&quot;classic&quot;}\">\n\t\t\t\t<div class=\"elementor-element elementor-element-e095c1e elementor-widget elementor-widget-text-editor\" data-id=\"e095c1e\" data-element_type=\"widget\" data-e-type=\"widget\" data-widget_type=\"text-editor.default\">\n\t\t\t\t<div class=\"elementor-widget-container\">\n\t\t\t\t\t\t\t\t\t<p><strong>Familienzimmer mit Gemeinschaftsbad und der M\u00f6glichkeit von Zustellbetten<\/strong><br>Sch\u00f6nes gro\u00dfes Zimmer mit Blick auf die Felder, Doppelbett, M\u00f6glichkeit von zwei Zustellbetten, Gemeinschaftsbad mit bis zu zwei anderen Zimmern.<\/p>\n<p>Zimmer: 19 sqm<br>Bett: 180 x 200 cm<\/p>\t\t\t\t\t\t\t\t<\/div>\n\t\t\t\t<\/div>\n\t\t\t\t<div class=\"elementor-element elementor-element-774b231 elementor-widget elementor-widget-button\" data-id=\"774b231\" data-element_type=\"widget\" data-e-type=\"widget\" data-widget_type=\"button.default\">\n\t\t\t\t<div class=\"elementor-widget-container\">\n\t\t\t\t\t\t\t\t\t<div class=\"elementor-button-wrapper\">\n\t\t\t\t\t<a class=\"elementor-button elementor-button-link elementor-size-sm\" href=\"https:\/\/ellevildehotel.dk\/de\/buchen\/\">\n\t\t\t\t\t\t<span class=\"elementor-button-content-wrapper\">\n\t\t\t\t\t\t\t\t\t<span class=\"elementor-button-text\">JETZT BUCHEN<\/span>\n\t\t\t\t\t<\/span>\n\t\t\t\t\t<\/a>\n\t\t\t\t<\/div>\n\t\t\t\t\t\t\t\t<\/div>\n\t\t\t\t<\/div>\n\t\t\t\t<\/div>\n\t\t\t\t<\/div>\n\t\t<div class=\"elementor-element elementor-element-3c3710a e-con-full e-flex e-con e-child\" data-id=\"3c3710a\" data-element_type=\"container\" data-e-type=\"container\" data-settings=\"{&quot;background_background&quot;:&quot;slideshow&quot;,&quot;background_slideshow_gallery&quot;:[{&quot;id&quot;:2511,&quot;url&quot;:&quot;https:\\\/\\\/ellevildehotel.dk\\\/wp-content\\\/uploads\\\/2025\\\/02\\\/2-30-scaled.jpg&quot;},{&quot;id&quot;:2515,&quot;url&quot;:&quot;https:\\\/\\\/ellevildehotel.dk\\\/wp-content\\\/uploads\\\/2025\\\/02\\\/2-32-scaled.jpg&quot;},{&quot;id&quot;:2525,&quot;url&quot;:&quot;https:\\\/\\\/ellevildehotel.dk\\\/wp-content\\\/uploads\\\/2025\\\/02\\\/2.15-1030x687-1.jpg&quot;}],&quot;background_slideshow_lazyload&quot;:&quot;yes&quot;,&quot;background_slideshow_ken_burns&quot;:&quot;yes&quot;,&quot;background_slideshow_slide_duration&quot;:4000,&quot;background_slideshow_loop&quot;:&quot;yes&quot;,&quot;background_slideshow_slide_transition&quot;:&quot;fade&quot;,&quot;background_slideshow_transition_duration&quot;:500,&quot;background_slideshow_ken_burns_zoom_direction&quot;:&quot;in&quot;}\">\n\t\t\t\t<\/div>\n\t\t\t\t\t<\/div>\n\t\t\t\t<\/div>\n\t\t<div class=\"elementor-element elementor-element-eb62f59 e-flex e-con-boxed e-con e-parent\" data-id=\"eb62f59\" data-element_type=\"container\" data-e-type=\"container\" data-settings=\"{&quot;background_background&quot;:&quot;classic&quot;}\">\n\t\t\t\t\t<div class=\"e-con-inner\">\n\t\t<div class=\"elementor-element elementor-element-f93bfd3 e-con-full e-flex e-con e-child\" data-id=\"f93bfd3\" data-element_type=\"container\" data-e-type=\"container\" data-settings=\"{&quot;background_background&quot;:&quot;slideshow&quot;,&quot;background_slideshow_gallery&quot;:[{&quot;id&quot;:2517,&quot;url&quot;:&quot;https:\\\/\\\/ellevildehotel.dk\\\/wp-content\\\/uploads\\\/2025\\\/02\\\/2-34-scaled.jpg&quot;},{&quot;id&quot;:2523,&quot;url&quot;:&quot;https:\\\/\\\/ellevildehotel.dk\\\/wp-content\\\/uploads\\\/2025\\\/02\\\/2.12-1030x687-1.jpg&quot;},{&quot;id&quot;:2515,&quot;url&quot;:&quot;https:\\\/\\\/ellevildehotel.dk\\\/wp-content\\\/uploads\\\/2025\\\/02\\\/2-32-scaled.jpg&quot;},{&quot;id&quot;:2513,&quot;url&quot;:&quot;https:\\\/\\\/ellevildehotel.dk\\\/wp-content\\\/uploads\\\/2025\\\/02\\\/2-31-scaled.jpg&quot;}],&quot;background_slideshow_lazyload&quot;:&quot;yes&quot;,&quot;background_slideshow_ken_burns&quot;:&quot;yes&quot;,&quot;background_slideshow_slide_duration&quot;:4000,&quot;background_slideshow_loop&quot;:&quot;yes&quot;,&quot;background_slideshow_slide_transition&quot;:&quot;fade&quot;,&quot;background_slideshow_transition_duration&quot;:500,&quot;background_slideshow_ken_burns_zoom_direction&quot;:&quot;in&quot;}\">\n\t\t\t\t<\/div>\n\t\t<div class=\"elementor-element elementor-element-ffda7fd e-con-full e-flex e-con e-child\" data-id=\"ffda7fd\" data-element_type=\"container\" data-e-type=\"container\" data-settings=\"{&quot;background_background&quot;:&quot;classic&quot;}\">\n\t\t<div class=\"elementor-element elementor-element-51bfb4a e-con-full e-flex e-con e-child\" data-id=\"51bfb4a\" data-element_type=\"container\" data-e-type=\"container\" data-settings=\"{&quot;background_background&quot;:&quot;classic&quot;}\">\n\t\t\t\t<div class=\"elementor-element elementor-element-197af56 elementor-widget elementor-widget-text-editor\" data-id=\"197af56\" data-element_type=\"widget\" data-e-type=\"widget\" data-widget_type=\"text-editor.default\">\n\t\t\t\t<div class=\"elementor-widget-container\">\n\t\t\t\t\t\t\t\t\t<p><strong>Kleines Doppelzimmer mit Gemeinschaftsbad<\/strong><br>Sch\u00f6nes kleines Zimmer mit Blick auf den Sonnenaufgang und die Felder, Doppelbett, Gemeinschaftsbad mit bis zu zwei anderen Zimmern.<\/p><p>Zimmer: 10 sqm<br>Bett: 180 x 200 cm<\/p>\t\t\t\t\t\t\t\t<\/div>\n\t\t\t\t<\/div>\n\t\t\t\t<div class=\"elementor-element elementor-element-4227bfe elementor-widget elementor-widget-button\" data-id=\"4227bfe\" data-element_type=\"widget\" data-e-type=\"widget\" data-widget_type=\"button.default\">\n\t\t\t\t<div class=\"elementor-widget-container\">\n\t\t\t\t\t\t\t\t\t<div class=\"elementor-button-wrapper\">\n\t\t\t\t\t<a class=\"elementor-button elementor-button-link elementor-size-sm\" href=\"https:\/\/ellevildehotel.dk\/de\/buchen\/\">\n\t\t\t\t\t\t<span class=\"elementor-button-content-wrapper\">\n\t\t\t\t\t\t\t\t\t<span class=\"elementor-button-text\">JETZT BUCHEN<\/span>\n\t\t\t\t\t<\/span>\n\t\t\t\t\t<\/a>\n\t\t\t\t<\/div>\n\t\t\t\t\t\t\t\t<\/div>\n\t\t\t\t<\/div>\n\t\t\t\t<\/div>\n\t\t\t\t<\/div>\n\t\t\t\t\t<\/div>\n\t\t\t\t<\/div>\n\t\t\t\t<\/div>\n\t\t","protected":false},"excerpt":{"rendered":"<p>ELLEVILDE ZIMMER Wir haben 12 individuelle und sch\u00f6ne Zimmer.Darunter 9 Zimmer mit eigenem Bad und Loft, die f\u00fcr Kinder geeignet sind.Wir beherbergen insgesamt 42 \u00dcbernachtungsg\u00e4ste. SIE ERHALTEN IMMER Bio-Fr\u00fchst\u00fcck 8:00 &#8211; 9:30 Uhr Bettw\u00e4sche und Handt\u00fccher Luxuri\u00f6se Haut- und Haarpflegeprodukte Zugang zur G\u00e4stek\u00fcche Kostenloses Internet Doppelzimmer miteigenem Bad und LoftGro\u00dfes, helles Zimmer mit eigener Terrasse, [&hellip;]<\/p>\n","protected":false},"author":1,"featured_media":0,"parent":0,"menu_order":0,"comment_status":"closed","ping_status":"closed","template":"","meta":{"footnotes":""},"class_list":["post-2924","page","type-page","status-publish","hentry"],"_links":{"self":[{"href":"https:\/\/ellevildehotel.dk\/de\/wp-json\/wp\/v2\/pages\/2924","targetHints":{"allow":["GET"]}}],"collection":[{"href":"https:\/\/ellevildehotel.dk\/de\/wp-json\/wp\/v2\/pages"}],"about":[{"href":"https:\/\/ellevildehotel.dk\/de\/wp-json\/wp\/v2\/types\/page"}],"author":[{"embeddable":true,"href":"https:\/\/ellevildehotel.dk\/de\/wp-json\/wp\/v2\/users\/1"}],"replies":[{"embeddable":true,"href":"https:\/\/ellevildehotel.dk\/de\/wp-json\/wp\/v2\/comments?post=2924"}],"version-history":[{"count":11,"href":"https:\/\/ellevildehotel.dk\/de\/wp-json\/wp\/v2\/pages\/2924\/revisions"}],"predecessor-version":[{"id":4326,"href":"https:\/\/ellevildehotel.dk\/de\/wp-json\/wp\/v2\/pages\/2924\/revisions\/4326"}],"wp:attachment":[{"href":"https:\/\/ellevildehotel.dk\/de\/wp-json\/wp\/v2\/media?parent=2924"}],"curies":[{"name":"wp","href":"https:\/\/api.w.org\/{rel}","templated":true}]}}